{"id":1009,"date":"2023-06-11T16:16:46","date_gmt":"2023-06-11T20:16:46","guid":{"rendered":"https:\/\/legeantantique.com\/privacy-policy\/"},"modified":"2023-06-11T16:20:55","modified_gmt":"2023-06-11T20:20:55","slug":"privacy-policy","status":"publish","type":"page","link":"https:\/\/lencandugeant.com\/en\/privacy-policy\/","title":{"rendered":"Privacy policy"},"content":{"rendered":"<p>[et_pb_section fb_built=&#8221;1&#8243; fullwidth=&#8221;on&#8221; disabled_on=&#8221;off|off|off&#8221; admin_label=&#8221;Header &#8211; gastronomie&#8221; _builder_version=&#8221;4.21.0&#8243; _module_preset=&#8221;default&#8221; background_color=&#8221;#FFFFFF&#8221; background_image=&#8221;https:\/\/legeantantique.com\/wp-content\/uploads\/2023\/05\/iStock-46990440-3-starwars.jpg&#8221; background_blend=&#8221;multiply&#8221; custom_margin=&#8221;|||&#8221; custom_padding=&#8221;|||&#8221; global_colors_info=&#8221;{}&#8221; theme_builder_area=&#8221;post_content&#8221;][et_pb_fullwidth_header title=&#8221;@ET-DC@eyJkeW5hbWljIjp0cnVlLCJjb250ZW50IjoicG9zdF90aXRsZSIsInNldHRpbmdzIjp7ImJlZm9yZSI6IiIsImFmdGVyIjoiIn19@&#8221; background_overlay_color=&#8221;rgba(52,54,53,0.02)&#8221; content_max_width=&#8221;500px&#8221; scroll_down_icon_tablet=&#8221;&#8221; scroll_down_icon_phone=&#8221;&#8221; scroll_down_icon_last_edited=&#8221;on|phone&#8221; content_max_width_tablet=&#8221;480px&#8221; content_max_width_phone=&#8221;&#8221; content_max_width_last_edited=&#8221;on|tablet&#8221; _builder_version=&#8221;4.21.0&#8243; _dynamic_attributes=&#8221;title&#8221; _module_preset=&#8221;default&#8221; title_font=&#8221;||||||||&#8221; title_font_size=&#8221;50px&#8221; content_font=&#8221;|600|||||||&#8221; content_text_color=&#8221;#000000&#8243; content_font_size=&#8221;18px&#8221; content_line_height=&#8221;1.8em&#8221; background_color=&#8221;rgba(255,255,255,0)&#8221; use_background_color_gradient=&#8221;on&#8221; background_color_gradient_direction=&#8221;270deg&#8221; background_color_gradient_stops=&#8221;rgba(255,255,255,0) 39%|rgba(255,255,255,0.5) 55%&#8221; background_color_gradient_start=&#8221;rgba(255,255,255,0)&#8221; background_color_gradient_start_position=&#8221;39%&#8221; background_color_gradient_end=&#8221;rgba(255,255,255,0.5)&#8221; background_color_gradient_end_position=&#8221;55%&#8221; background_position=&#8221;center_left&#8221; background_layout=&#8221;light&#8221; width=&#8221;100%&#8221; max_width=&#8221;100%&#8221; max_width_tablet=&#8221;100%&#8221; max_width_last_edited=&#8221;off|desktop&#8221; custom_padding=&#8221;4vw||4vw||true|false&#8221; custom_padding_tablet=&#8221;|||&#8221; custom_padding_phone=&#8221;2vw|0%|2vw||true&#8221; custom_padding_last_edited=&#8221;on|desktop&#8221; animation_direction=&#8221;right&#8221; link_option_url_new_window=&#8221;on&#8221; title_font_size_tablet=&#8221;50px&#8221; title_font_size_phone=&#8221;32px&#8221; title_font_size_last_edited=&#8221;on|desktop&#8221; background_last_edited=&#8221;on|tablet&#8221; background_color_gradient_stops_phone=&#8221;rgba(255,255,255,0) 0%|rgba(255,255,255,0.5) 0%&#8221; background_color_gradient_start_position_phone=&#8221;0%&#8221; background_color_gradient_end_position_phone=&#8221;0%&#8221; box_shadow_style=&#8221;preset3&#8243; button_one_border_radius_hover=&#8221;4px&#8221; button_one_letter_spacing_hover=&#8221;3px&#8221; global_colors_info=&#8221;{}&#8221; button_one_text_size__hover_enabled=&#8221;off&#8221; button_two_text_size__hover_enabled=&#8221;off&#8221; button_one_text_color__hover_enabled=&#8221;off&#8221; button_two_text_color__hover_enabled=&#8221;off&#8221; button_one_border_width__hover_enabled=&#8221;off&#8221; button_two_border_width__hover_enabled=&#8221;off&#8221; button_one_border_color__hover_enabled=&#8221;off&#8221; button_two_border_color__hover_enabled=&#8221;off&#8221; button_one_border_radius__hover_enabled=&#8221;on&#8221; button_one_border_radius__hover=&#8221;4px&#8221; button_two_border_radius__hover_enabled=&#8221;off&#8221; button_one_letter_spacing__hover_enabled=&#8221;on&#8221; button_one_letter_spacing__hover=&#8221;3px&#8221; button_two_letter_spacing__hover_enabled=&#8221;off&#8221; button_one_bg_color__hover_enabled=&#8221;off&#8221; button_two_bg_color__hover_enabled=&#8221;off&#8221; theme_builder_area=&#8221;post_content&#8221;][\/et_pb_fullwidth_header][\/et_pb_section][et_pb_section fb_built=&#8221;1&#8243; _builder_version=&#8221;4.21.0&#8243; _module_preset=&#8221;default&#8221; global_colors_info=&#8221;{}&#8221; theme_builder_area=&#8221;post_content&#8221;][et_pb_row use_custom_gutter=&#8221;on&#8221; gutter_width=&#8221;1&#8243; make_equal=&#8221;on&#8221; _builder_version=&#8221;4.21.0&#8243; _module_preset=&#8221;default&#8221; global_colors_info=&#8221;{}&#8221; theme_builder_area=&#8221;post_content&#8221;][et_pb_column type=&#8221;4_4&#8243; _builder_version=&#8221;4.21.0&#8243; _module_preset=&#8221;default&#8221; global_colors_info=&#8221;{}&#8221; theme_builder_area=&#8221;post_content&#8221;][et_pb_text _builder_version=&#8221;4.21.0&#8243; _module_preset=&#8221;default&#8221; header_line_height=&#8221;1.1em&#8221; custom_padding=&#8221;20px|2vw|20px|2vw|true|true&#8221; hover_enabled=&#8221;0&#8243; global_colors_info=&#8221;{}&#8221; theme_builder_area=&#8221;post_content&#8221; sticky_enabled=&#8221;0&#8243;]<\/p>\n<div class=\"et_pb_column et_pb_column_4_4 et_pb_column_0  et_pb_css_mix_blend_mode_passthrough et-last-child\">\n<div class=\"et_pb_module et_pb_text et_pb_text_0  et_pb_text_align_left et_pb_bg_layout_light\">\n<div class=\"et_pb_text_inner\">\n<p><strong>Google ads et Google Analytics<\/strong><\/p>\n<p>Nous utilisons le remarketing avec Google Analytics et\/ou Google Adwords pour faire la promotion de nos produits ou services en ligne.<\/p>\n<p>Des fournisseurs tiers, y compris Google, peuvent diffuser nos annonces sur des sites Web.<\/p>\n<p>Nous et des fournisseurs tiers, y compris Google, utilisons conjointement des cookies propri\u00e9taires (tels que le cookie Google Analytics) et des cookies tiers (tels que le cookie DoubleClick) pour obtenir des informations, optimiser et diffuser des annonces en fonction des visites effectu\u00e9es sur notre site par les internautes.<\/p>\n<p>Les internautes peuvent d\u00e9sactiver l\u2019utilisation des cookies par Google via la page\u00a0 <a href=\"http:\/\/www.google.fr\/intl\/fr-CA\/policies\/technologies\/ads\/\">Publicit\u00e9 et confidentialit\u00e9<\/a> . Vous pouvez \u00e9galement d\u00e9sactiver l\u2019utilisation des cookies par un fournisseur tiers sur la <a href=\"http:\/\/www.networkadvertising.org\/managing\/opt_out.asp\">page de d\u00e9sactivation de Network Advertising Initiative<\/a> (english).<\/p>\n<p>Les internautes peuvent\u00a0 d\u00e9sactiver Google Analytics pour la publicit\u00e9 display et personnaliser les annonces diffus\u00e9es sur le R\u00e9seau Display de Google via la page <a href=\"https:\/\/www.google.com\/settings\/ads\">Param\u00e8tres des annonces<\/a>.<\/p>\n<p>Les internautes peuvent bloquer l\u2019utilisation de leurs donn\u00e9es par les fichiers JavaScript de Google Analytics. Plus d\u2019information sur le <a href=\"https:\/\/tools.google.com\/dlpage\/gaoptout\/\">Module compl\u00e9mentaire de navigateur pour la d\u00e9sactivation<\/a> de Google Analytics.<\/p>\n<p><strong>Facebook<\/strong><\/p>\n<p>Des tiers(Facebook) sont susceptibles d\u2019utiliser des cookies, balises web et technologies similaires pour collecter ou recevoir des informations. Ces informations servent comme outils de mesure et pour diffuser de la publicit\u00e9 cibl\u00e9e.<\/p>\n<p>Vous pouvez annuler la collecte de donn\u00e9es et son utilisation en visitant la page de <a href=\"http:\/\/www.aboutads.info\/choices\">Digital Asvertising Alliance Consumer Choice<\/a> (english).<\/p>\n<p><strong>Autres<\/strong><\/p>\n<p>Nous pouvons de temps \u00e0 autre utiliser d\u2019autres services afin d\u2019optimiser, informer, analyser, cr\u00e9er des rapports et pr\u00e9senter des publicit\u00e9s en fonction des visites effectu\u00e9es sur notre site par les internautes.<\/p>\n<\/div>\n<\/div>\n<\/div>\n<p>&nbsp;<\/p>\n<p>[\/et_pb_text][et_pb_divider color=&#8221;#E2A855&#8243; divider_position=&#8221;center&#8221; divider_weight=&#8221;5px&#8221; _builder_version=&#8221;4.21.0&#8243; _module_preset=&#8221;default&#8221; max_width=&#8221;20%&#8221; module_alignment=&#8221;center&#8221; global_colors_info=&#8221;{}&#8221; theme_builder_area=&#8221;post_content&#8221;][\/et_pb_divider][\/et_pb_column][\/et_pb_row][\/et_pb_section]<\/p>\n","protected":false},"excerpt":{"rendered":"<p>Google ads et Google Analytics Nous utilisons le remarketing avec Google Analytics et\/ou Google Adwords pour faire la promotion de nos produits ou services en ligne. Des fournisseurs tiers, y compris Google, peuvent diffuser nos annonces sur des sites Web. Nous et des fournisseurs tiers, y compris Google, utilisons conjointement des cookies propri\u00e9taires (tels que [&hellip;]<\/p>\n","protected":false},"author":1,"featured_media":0,"parent":0,"menu_order":0,"comment_status":"closed","ping_status":"closed","template":"","meta":{"_acf_changed":false,"_et_pb_use_builder":"on","_et_pb_old_content":"","_et_gb_content_width":"","footnotes":""},"class_list":["post-1009","page","type-page","status-publish","hentry"],"acf":[],"jetpack_sharing_enabled":true,"_links":{"self":[{"href":"https:\/\/lencandugeant.com\/en\/wp-json\/wp\/v2\/pages\/1009","targetHints":{"allow":["GET"]}}],"collection":[{"href":"https:\/\/lencandugeant.com\/en\/wp-json\/wp\/v2\/pages"}],"about":[{"href":"https:\/\/lencandugeant.com\/en\/wp-json\/wp\/v2\/types\/page"}],"author":[{"embeddable":true,"href":"https:\/\/lencandugeant.com\/en\/wp-json\/wp\/v2\/users\/1"}],"replies":[{"embeddable":true,"href":"https:\/\/lencandugeant.com\/en\/wp-json\/wp\/v2\/comments?post=1009"}],"version-history":[{"count":2,"href":"https:\/\/lencandugeant.com\/en\/wp-json\/wp\/v2\/pages\/1009\/revisions"}],"predecessor-version":[{"id":1011,"href":"https:\/\/lencandugeant.com\/en\/wp-json\/wp\/v2\/pages\/1009\/revisions\/1011"}],"wp:attachment":[{"href":"https:\/\/lencandugeant.com\/en\/wp-json\/wp\/v2\/media?parent=1009"}],"curies":[{"name":"wp","href":"https:\/\/api.w.org\/{rel}","templated":true}]}}